{"id":1209,"date":"2020-08-13T10:44:58","date_gmt":"2020-08-13T13:44:58","guid":{"rendered":"http:\/\/10.101.10.196\/www\/?page_id=1209"},"modified":"2020-08-13T10:44:58","modified_gmt":"2020-08-13T13:44:58","slug":"requisitos-para-pases-y-equivalencias","status":"publish","type":"page","link":"https:\/\/www.fica.unsl.edu.ar\/index.php\/requisitos-para-pases-y-equivalencias\/","title":{"rendered":"Requisitos para Pases y Equivalencias"},"content":{"rendered":"\t\t<div data-elementor-type=\"wp-page\" data-elementor-id=\"1209\" class=\"elementor elementor-1209\">\n\t\t\t\t\t\t<section class=\"elementor-section elementor-top-section elementor-element elementor-element-f31a97c elementor-section-boxed elementor-section-height-default elementor-section-height-default\" data-id=\"f31a97c\" data-element_type=\"section\" data-e-type=\"section\">\n\t\t\t\t\t\t<div class=\"elementor-container elementor-column-gap-default\">\n\t\t\t\t\t<div class=\"elementor-column elementor-col-100 elementor-top-column elementor-element elementor-element-cb02fd3\" data-id=\"cb02fd3\" data-element_type=\"column\" data-e-type=\"column\">\n\t\t\t<div class=\"elementor-widget-wrap elementor-element-populated\">\n\t\t\t\t\t\t<div class=\"elementor-element elementor-element-36f2881 elementor-align-left elementor-widget elementor-widget-button\" data-id=\"36f2881\" data-element_type=\"widget\" data-e-type=\"widget\" data-widget_type=\"button.default\">\n\t\t\t\t<div class=\"elementor-widget-container\">\n\t\t\t\t\t\t\t\t\t<div class=\"elementor-button-wrapper\">\n\t\t\t\t\t<a class=\"elementor-button elementor-button-link elementor-size-sm\" href=\"#\">\n\t\t\t\t\t\t<span class=\"elementor-button-content-wrapper\">\n\t\t\t\t\t\t\t\t\t<span class=\"elementor-button-text\">Requisitos para Pases y Equivalencias<\/span>\n\t\t\t\t\t<\/span>\n\t\t\t\t\t<\/a>\n\t\t\t\t<\/div>\n\t\t\t\t\t\t\t\t<\/div>\n\t\t\t\t<\/div>\n\t\t\t\t<div class=\"elementor-element elementor-element-5001d43 elementor-widget elementor-widget-text-editor\" data-id=\"5001d43\" data-element_type=\"widget\" data-e-type=\"widget\" data-widget_type=\"text-editor.default\">\n\t\t\t\t<div class=\"elementor-widget-container\">\n\t\t\t\t\t\t\t\t\t<p><span style=\"font-family: Arial;\"><strong><u><span lang=\"ES-AR\">DOCUMENTACION A PRESENTAR EN DPTO. ALUMNOS<\/span><\/u><\/strong><\/span><\/p><p><strong><span lang=\"ES-AR\">1 &#8211;\u00a0<\/span><\/strong><span lang=\"ES-AR\"><strong>FORMULARIO DE SOLICITUD DE EQUIVALENCIAS (DONDE DEBERA CONSTAR DETALLE DE MATERIAS APROBADAS Y REGULARIZADAS), AL QUE ACOMPA\u00d1A<\/strong><\/span><\/p><ul type=\"a\"><li><p><span lang=\"ES-AR\">Plan de estudios de la carrera de origen<\/span><\/p><\/li><li><p><span lang=\"ES-AR\">Certificado de estudios con la indicaci\u00f3n de asignaturas aprobadas, fecha de aprobaci\u00f3n y calificaci\u00f3n obtenida, numero de horas semanales de clases te\u00f3rica y practicas dictadas en cada asignatura, r\u00e9gimen de cada materia (anual, semestral, cuatrimestral, etc.)<\/span><\/p><\/li><li><p><span lang=\"ES-AR\">Programa anal\u00edtico y de examen, que debe incluir el plan de trabajos pr\u00e1cticos y bibliograf\u00eda recomendada, de cada una de las asignaturas aprobadas y regularizadas cuya equivalencia solicita.<\/span><\/p><\/li><li><p><span lang=\"ES-AR\">En caso de solicitar equivalencia de trabajos pr\u00e1cticos, se deber\u00e1 incluir carpetas o documentaci\u00f3n detallada de los mismos.<\/span><\/p><\/li><li><p><span lang=\"ES-AR\">Certificado donde conste que no ha sido sancionado con medidas disciplinarias o que la instituci\u00f3n aclare que no expide ese tipo de certificados.<\/span><\/p><\/li><li><p><span lang=\"ES-AR\">Toda la documentaci\u00f3n indicada en el punto 1., incisos a),b),c),d) y e) deber\u00e1 estar debidamente autenticada por la autoridad competente, que corresponda.<\/span><\/p><\/li><\/ul><p><span style=\"font-family: Arial;\"><strong>2 &#8211;\u00a0<span lang=\"ES-AR\">DOCUMENTACION PARA EL LEGAJO DEL ALUMNO<\/span><\/strong><\/span><\/p><ul type=\"a\"><li><p><span lang=\"ES-AR\">Certificado de estudios secundarios<\/span><\/p><\/li><li><p><span lang=\"ES-AR\">Partida de nacimiento (legalizada si es nativo de otro pa\u00eds o provincia)<\/span><\/p><\/li><li><p><span lang=\"ES-AR\">Fotocopiar de la 1\u00ba y 2\u00ba hoja del documento de identidad<\/span><\/p><\/li><li><p><span lang=\"ES-AR\">Certificado de domicilio (otorgado por la dependencia policial del lugar de residencia)<\/span><\/p><\/li><li><p><span lang=\"ES-AR\">Certificado de buena salud<\/span><\/p><\/li><li><p><span lang=\"ES-AR\">Cuatro fotos de 4&#215;4 (tipo carnet)<\/span><\/p><\/li><\/ul><p><br \/><span style=\"font-family: Arial;\"><strong>Recordar: la documentaci\u00f3n solicitada en los items 1 y 2 deben presentarse por Mesa de Entradas<\/strong><\/span>.<\/p>\t\t\t\t\t\t\t\t<\/div>\n\t\t\t\t<\/div>\n\t\t\t\t\t<\/div>\n\t\t<\/div>\n\t\t\t\t\t<\/div>\n\t\t<\/section>\n\t\t\t\t<\/div>\n\t\t","protected":false},"excerpt":{"rendered":"<p>Requisitos para Pases y Equivalencias DOCUMENTACION A PRESENTAR EN DPTO. ALUMNOS 1 &#8211;\u00a0FORMULARIO DE SOLICITUD DE EQUIVALENCIAS (DONDE DEBERA CONSTAR DETALLE DE MATERIAS APROBADAS Y&hellip;<\/p>\n","protected":false},"author":9,"featured_media":0,"parent":0,"menu_order":0,"comment_status":"closed","ping_status":"closed","template":"","meta":{"_monsterinsights_skip_tracking":false,"_monsterinsights_sitenote_active":false,"_monsterinsights_sitenote_note":"","_monsterinsights_sitenote_category":0,"_joinchat":[],"footnotes":""},"class_list":["post-1209","page","type-page","status-publish","hentry"],"yoast_head":"<!-- This site is optimized with the Yoast SEO plugin v27.6 - https:\/\/yoast.com\/product\/yoast-seo-wordpress\/ -->\n<title>Requisitos para Pases y Equivalencias - Facultad de Ingenier\u00eda y Ciencias Agropecuarias<\/title>\n<meta name=\"robots\" content=\"index, follow, max-snippet:-1, max-image-preview:large, max-video-preview:-1\" \/>\n<link rel=\"canonical\" href=\"https:\/\/www.fica.unsl.edu.ar\/index.php\/requisitos-para-pases-y-equivalencias\/\" \/>\n<meta property=\"og:locale\" content=\"es_ES\" \/>\n<meta property=\"og:type\" content=\"article\" \/>\n<meta property=\"og:title\" content=\"Requisitos para Pases y Equivalencias - Facultad de Ingenier\u00eda y Ciencias Agropecuarias\" \/>\n<meta property=\"og:description\" content=\"Requisitos para Pases y Equivalencias DOCUMENTACION A PRESENTAR EN DPTO. ALUMNOS 1 &#8211;\u00a0FORMULARIO DE SOLICITUD DE EQUIVALENCIAS (DONDE DEBERA CONSTAR DETALLE DE MATERIAS APROBADAS Y&hellip;\" \/>\n<meta property=\"og:url\" content=\"https:\/\/www.fica.unsl.edu.ar\/index.php\/requisitos-para-pases-y-equivalencias\/\" \/>\n<meta property=\"og:site_name\" content=\"Facultad de Ingenier\u00eda y Ciencias Agropecuarias\" \/>\n<meta property=\"article:publisher\" content=\"https:\/\/www.facebook.com\/FICA.UNSL\/\" \/>\n<meta property=\"og:image\" content=\"https:\/\/www.fica.unsl.edu.ar\/wp-content\/uploads\/2021\/03\/LOGO-1.jpg\" \/>\n\t<meta property=\"og:image:width\" content=\"463\" \/>\n\t<meta property=\"og:image:height\" content=\"145\" \/>\n\t<meta property=\"og:image:type\" content=\"image\/jpeg\" \/>\n<meta name=\"twitter:card\" content=\"summary_large_image\" \/>\n<meta name=\"twitter:site\" content=\"@FICAUNSL\" \/>\n<meta name=\"twitter:label1\" content=\"Tiempo de lectura\" \/>\n\t<meta name=\"twitter:data1\" content=\"1 minuto\" \/>\n<script type=\"application\/ld+json\" class=\"yoast-schema-graph\">{\"@context\":\"https:\\\/\\\/schema.org\",\"@graph\":[{\"@type\":\"WebPage\",\"@id\":\"https:\\\/\\\/www.fica.unsl.edu.ar\\\/index.php\\\/requisitos-para-pases-y-equivalencias\\\/\",\"url\":\"https:\\\/\\\/www.fica.unsl.edu.ar\\\/index.php\\\/requisitos-para-pases-y-equivalencias\\\/\",\"name\":\"Requisitos para Pases y Equivalencias - Facultad de Ingenier\u00eda y Ciencias Agropecuarias\",\"isPartOf\":{\"@id\":\"https:\\\/\\\/www.fica.unsl.edu.ar\\\/#website\"},\"datePublished\":\"2020-08-13T13:44:58+00:00\",\"inLanguage\":\"es-AR\",\"potentialAction\":[{\"@type\":\"ReadAction\",\"target\":[\"https:\\\/\\\/www.fica.unsl.edu.ar\\\/index.php\\\/requisitos-para-pases-y-equivalencias\\\/\"]}]},{\"@type\":\"WebSite\",\"@id\":\"https:\\\/\\\/www.fica.unsl.edu.ar\\\/#website\",\"url\":\"https:\\\/\\\/www.fica.unsl.edu.ar\\\/\",\"name\":\"Facultad de Ingenier\u00eda y Ciencias Agropecuarias\",\"description\":\"\",\"publisher\":{\"@id\":\"https:\\\/\\\/www.fica.unsl.edu.ar\\\/#organization\"},\"potentialAction\":[{\"@type\":\"SearchAction\",\"target\":{\"@type\":\"EntryPoint\",\"urlTemplate\":\"https:\\\/\\\/www.fica.unsl.edu.ar\\\/?s={search_term_string}\"},\"query-input\":{\"@type\":\"PropertyValueSpecification\",\"valueRequired\":true,\"valueName\":\"search_term_string\"}}],\"inLanguage\":\"es-AR\"},{\"@type\":\"Organization\",\"@id\":\"https:\\\/\\\/www.fica.unsl.edu.ar\\\/#organization\",\"name\":\"Facultad de Ingenier\u00eda y Ciencias Agropecuarias\",\"url\":\"https:\\\/\\\/www.fica.unsl.edu.ar\\\/\",\"logo\":{\"@type\":\"ImageObject\",\"inLanguage\":\"es-AR\",\"@id\":\"https:\\\/\\\/www.fica.unsl.edu.ar\\\/#\\\/schema\\\/logo\\\/image\\\/\",\"url\":\"https:\\\/\\\/www.fica.unsl.edu.ar\\\/wp-content\\\/uploads\\\/2021\\\/03\\\/LOGO-1.jpg\",\"contentUrl\":\"https:\\\/\\\/www.fica.unsl.edu.ar\\\/wp-content\\\/uploads\\\/2021\\\/03\\\/LOGO-1.jpg\",\"width\":463,\"height\":145,\"caption\":\"Facultad de Ingenier\u00eda y Ciencias Agropecuarias\"},\"image\":{\"@id\":\"https:\\\/\\\/www.fica.unsl.edu.ar\\\/#\\\/schema\\\/logo\\\/image\\\/\"},\"sameAs\":[\"https:\\\/\\\/www.facebook.com\\\/FICA.UNSL\\\/\",\"https:\\\/\\\/x.com\\\/FICAUNSL\",\"https:\\\/\\\/www.instagram.com\\\/fica.unsl\\\/\",\"https:\\\/\\\/www.youtube.com\\\/channel\\\/UCs2MM53gb2PyBrMySdtWZDQ\"]}]}<\/script>\n<!-- \/ Yoast SEO plugin. -->","yoast_head_json":{"title":"Requisitos para Pases y Equivalencias - Facultad de Ingenier\u00eda y Ciencias Agropecuarias","robots":{"index":"index","follow":"follow","max-snippet":"max-snippet:-1","max-image-preview":"max-image-preview:large","max-video-preview":"max-video-preview:-1"},"canonical":"https:\/\/www.fica.unsl.edu.ar\/index.php\/requisitos-para-pases-y-equivalencias\/","og_locale":"es_ES","og_type":"article","og_title":"Requisitos para Pases y Equivalencias - Facultad de Ingenier\u00eda y Ciencias Agropecuarias","og_description":"Requisitos para Pases y Equivalencias DOCUMENTACION A PRESENTAR EN DPTO. ALUMNOS 1 &#8211;\u00a0FORMULARIO DE SOLICITUD DE EQUIVALENCIAS (DONDE DEBERA CONSTAR DETALLE DE MATERIAS APROBADAS Y&hellip;","og_url":"https:\/\/www.fica.unsl.edu.ar\/index.php\/requisitos-para-pases-y-equivalencias\/","og_site_name":"Facultad de Ingenier\u00eda y Ciencias Agropecuarias","article_publisher":"https:\/\/www.facebook.com\/FICA.UNSL\/","og_image":[{"width":463,"height":145,"url":"https:\/\/www.fica.unsl.edu.ar\/wp-content\/uploads\/2021\/03\/LOGO-1.jpg","type":"image\/jpeg"}],"twitter_card":"summary_large_image","twitter_site":"@FICAUNSL","twitter_misc":{"Tiempo de lectura":"1 minuto"},"schema":{"@context":"https:\/\/schema.org","@graph":[{"@type":"WebPage","@id":"https:\/\/www.fica.unsl.edu.ar\/index.php\/requisitos-para-pases-y-equivalencias\/","url":"https:\/\/www.fica.unsl.edu.ar\/index.php\/requisitos-para-pases-y-equivalencias\/","name":"Requisitos para Pases y Equivalencias - Facultad de Ingenier\u00eda y Ciencias Agropecuarias","isPartOf":{"@id":"https:\/\/www.fica.unsl.edu.ar\/#website"},"datePublished":"2020-08-13T13:44:58+00:00","inLanguage":"es-AR","potentialAction":[{"@type":"ReadAction","target":["https:\/\/www.fica.unsl.edu.ar\/index.php\/requisitos-para-pases-y-equivalencias\/"]}]},{"@type":"WebSite","@id":"https:\/\/www.fica.unsl.edu.ar\/#website","url":"https:\/\/www.fica.unsl.edu.ar\/","name":"Facultad de Ingenier\u00eda y Ciencias Agropecuarias","description":"","publisher":{"@id":"https:\/\/www.fica.unsl.edu.ar\/#organization"},"potentialAction":[{"@type":"SearchAction","target":{"@type":"EntryPoint","urlTemplate":"https:\/\/www.fica.unsl.edu.ar\/?s={search_term_string}"},"query-input":{"@type":"PropertyValueSpecification","valueRequired":true,"valueName":"search_term_string"}}],"inLanguage":"es-AR"},{"@type":"Organization","@id":"https:\/\/www.fica.unsl.edu.ar\/#organization","name":"Facultad de Ingenier\u00eda y Ciencias Agropecuarias","url":"https:\/\/www.fica.unsl.edu.ar\/","logo":{"@type":"ImageObject","inLanguage":"es-AR","@id":"https:\/\/www.fica.unsl.edu.ar\/#\/schema\/logo\/image\/","url":"https:\/\/www.fica.unsl.edu.ar\/wp-content\/uploads\/2021\/03\/LOGO-1.jpg","contentUrl":"https:\/\/www.fica.unsl.edu.ar\/wp-content\/uploads\/2021\/03\/LOGO-1.jpg","width":463,"height":145,"caption":"Facultad de Ingenier\u00eda y Ciencias Agropecuarias"},"image":{"@id":"https:\/\/www.fica.unsl.edu.ar\/#\/schema\/logo\/image\/"},"sameAs":["https:\/\/www.facebook.com\/FICA.UNSL\/","https:\/\/x.com\/FICAUNSL","https:\/\/www.instagram.com\/fica.unsl\/","https:\/\/www.youtube.com\/channel\/UCs2MM53gb2PyBrMySdtWZDQ"]}]}},"_links":{"self":[{"href":"https:\/\/www.fica.unsl.edu.ar\/index.php\/wp-json\/wp\/v2\/pages\/1209","targetHints":{"allow":["GET"]}}],"collection":[{"href":"https:\/\/www.fica.unsl.edu.ar\/index.php\/wp-json\/wp\/v2\/pages"}],"about":[{"href":"https:\/\/www.fica.unsl.edu.ar\/index.php\/wp-json\/wp\/v2\/types\/page"}],"author":[{"embeddable":true,"href":"https:\/\/www.fica.unsl.edu.ar\/index.php\/wp-json\/wp\/v2\/users\/9"}],"replies":[{"embeddable":true,"href":"https:\/\/www.fica.unsl.edu.ar\/index.php\/wp-json\/wp\/v2\/comments?post=1209"}],"version-history":[{"count":0,"href":"https:\/\/www.fica.unsl.edu.ar\/index.php\/wp-json\/wp\/v2\/pages\/1209\/revisions"}],"wp:attachment":[{"href":"https:\/\/www.fica.unsl.edu.ar\/index.php\/wp-json\/wp\/v2\/media?parent=1209"}],"curies":[{"name":"wp","href":"https:\/\/api.w.org\/{rel}","templated":true}]}}